{"id":141,"date":"2024-02-28T20:58:54","date_gmt":"2024-02-28T17:58:54","guid":{"rendered":"https:\/\/boztepeplatform.com\/?page_id=141"},"modified":"2024-04-29T22:53:51","modified_gmt":"2024-04-29T19:53:51","slug":"hizmetlerimiz","status":"publish","type":"page","link":"https:\/\/beratli.com\/index.php\/hizmetlerimiz\/","title":{"rendered":"Hizmetlerimiz"},"content":{"rendered":"\t\t<div data-elementor-type=\"wp-page\" data-elementor-id=\"141\" class=\"elementor elementor-141\">\n\t\t\t\t\t\t<section class=\"elementor-section elementor-top-section elementor-element elementor-element-8315144 elementor-section-height-min-height elementor-section-content-middle elementor-section-boxed elementor-section-height-default elementor-section-items-middle\" data-id=\"8315144\" data-element_type=\"section\" data-settings=\"{&quot;background_background&quot;:&quot;classic&quot;}\">\n\t\t\t\t\t\t\t<div class=\"elementor-background-overlay\"><\/div>\n\t\t\t\t\t\t\t<div class=\"elementor-container elementor-column-gap-narrow\">\n\t\t\t\t\t<div class=\"elementor-column elementor-col-100 elementor-top-column elementor-element elementor-element-533d03e\" data-id=\"533d03e\" data-element_type=\"column\">\n\t\t\t<div class=\"elementor-widget-wrap elementor-element-populated\">\n\t\t\t\t\t\t<div class=\"elementor-element elementor-element-ca2d75a elementor-widget elementor-widget-heading\" data-id=\"ca2d75a\" data-element_type=\"widget\" data-widget_type=\"heading.default\">\n\t\t\t\t<div class=\"elementor-widget-container\">\n\t\t\t\t\t<h2 class=\"elementor-heading-title elementor-size-default\">H\u0130ZMETLER\u0130M\u0130Z<\/h2>\t\t\t\t<\/div>\n\t\t\t\t<\/div>\n\t\t\t\t<div class=\"elementor-element elementor-element-e1c9e93 elementor-widget elementor-widget-heading\" data-id=\"e1c9e93\" data-element_type=\"widget\" data-widget_type=\"heading.default\">\n\t\t\t\t<div class=\"elementor-widget-container\">\n\t\t\t\t\t<h2 class=\"elementor-heading-title elementor-size-default\">Hemen \u0130leti\u015fime Ge\u00e7<\/h2>\t\t\t\t<\/div>\n\t\t\t\t<\/div>\n\t\t\t\t<section class=\"elementor-section elementor-inner-section elementor-element elementor-element-0330d85 elementor-section-boxed elementor-section-height-default elementor-section-height-default\" data-id=\"0330d85\" data-element_type=\"section\">\n\t\t\t\t\t\t<div class=\"elementor-container elementor-column-gap-default\">\n\t\t\t\t\t<div class=\"elementor-column elementor-col-50 elementor-inner-column elementor-element elementor-element-0268f4a\" data-id=\"0268f4a\" data-element_type=\"column\">\n\t\t\t<div class=\"elementor-widget-wrap elementor-element-populated\">\n\t\t\t\t\t\t<div class=\"elementor-element elementor-element-575f263 elementor-align-center elementor-widget elementor-widget-button\" data-id=\"575f263\" data-element_type=\"widget\" data-widget_type=\"button.default\">\n\t\t\t\t<div class=\"elementor-widget-container\">\n\t\t\t\t\t\t\t\t\t<div class=\"elementor-button-wrapper\">\n\t\t\t\t\t<a class=\"elementor-button elementor-button-link elementor-size-sm elementor-animation-grow\" href=\"\">\n\t\t\t\t\t\t<span class=\"elementor-button-content-wrapper\">\n\t\t\t\t\t\t\t\t\t<span class=\"elementor-button-text\">Tel : 0531 301 1343<\/span>\n\t\t\t\t\t<\/span>\n\t\t\t\t\t<\/a>\n\t\t\t\t<\/div>\n\t\t\t\t\t\t\t\t<\/div>\n\t\t\t\t<\/div>\n\t\t\t\t\t<\/div>\n\t\t<\/div>\n\t\t\t\t<div class=\"elementor-column elementor-col-50 elementor-inner-column elementor-element elementor-element-a6b6fdc\" data-id=\"a6b6fdc\" data-element_type=\"column\">\n\t\t\t<div class=\"elementor-widget-wrap elementor-element-populated\">\n\t\t\t\t\t\t<div class=\"elementor-element elementor-element-4c63d11 elementor-align-center elementor-widget elementor-widget-button\" data-id=\"4c63d11\" data-element_type=\"widget\" data-widget_type=\"button.default\">\n\t\t\t\t<div class=\"elementor-widget-container\">\n\t\t\t\t\t\t\t\t\t<div class=\"elementor-button-wrapper\">\n\t\t\t\t\t<a class=\"elementor-button elementor-button-link elementor-size-sm elementor-animation-grow\" href=\"\">\n\t\t\t\t\t\t<span class=\"elementor-button-content-wrapper\">\n\t\t\t\t\t\t\t\t\t<span class=\"elementor-button-text\">Mail: info@beratli.com.tr<\/span>\n\t\t\t\t\t<\/span>\n\t\t\t\t\t<\/a>\n\t\t\t\t<\/div>\n\t\t\t\t\t\t\t\t<\/div>\n\t\t\t\t<\/div>\n\t\t\t\t\t<\/div>\n\t\t<\/div>\n\t\t\t\t\t<\/div>\n\t\t<\/section>\n\t\t\t\t\t<\/div>\n\t\t<\/div>\n\t\t\t\t\t<\/div>\n\t\t<\/section>\n\t\t\t\t<section class=\"elementor-section elementor-top-section elementor-element elementor-element-4eea514 elementor-section-boxed elementor-section-height-default elementor-section-height-default\" data-id=\"4eea514\" data-element_type=\"section\">\n\t\t\t\t\t\t\t<div class=\"elementor-background-overlay\"><\/div>\n\t\t\t\t\t\t\t<div class=\"elementor-container elementor-column-gap-default\">\n\t\t\t\t\t<div class=\"elementor-column elementor-col-100 elementor-top-column elementor-element elementor-element-aa01e6e\" data-id=\"aa01e6e\" data-element_type=\"column\">\n\t\t\t<div class=\"elementor-widget-wrap elementor-element-populated\">\n\t\t\t\t\t\t<div class=\"elementor-element elementor-element-b1f7fc7 elementor-widget elementor-widget-qi_addons_for_elementor_clients_list\" data-id=\"b1f7fc7\" data-element_type=\"widget\" data-widget_type=\"qi_addons_for_elementor_clients_list.default\">\n\t\t\t\t<div class=\"elementor-widget-container\">\n\t\t\t\t\t<div class=\"qodef-shortcode qodef-m qodef-qi-clients-list qodef-border--all qodef--hover-change-image qodef-qi-grid qodef-layout--qi-columns qodef-col-num--3 qodef-responsive--predefined\">\n\t<div class=\"qodef-grid-inner\">\n\t\t<div class=\"qodef-e qodef-grid-item\">\n\t<div class=\"qodef-e-inner\">\n\t\t\t\t<div class=\"qodef-e-images-holder\">\n\t\t\t\t\t\t\t\t<\/div>\n\t\t\t\t\t<h5 class=\"qodef-e-title\">\n\t\t\tSepetli Platform Kiralama\t\t<\/h5>\n\t\t\t<p class=\"qodef-e-text\">\n\t\t\u0130stedi\u011finiz Y\u00fckseklikte Sepetli Platform Kralamak \u0130\u00e7in Hemen \u0130leti\u015fime Ge\u00e7in\t<\/p>\n\t\t\t<\/div>\n<\/div>\n<div class=\"qodef-e qodef-grid-item\">\n\t<div class=\"qodef-e-inner\">\n\t\t\t\t<div class=\"qodef-e-images-holder\">\n\t\t\t\t\t\t\t\t<\/div>\n\t\t\t\t\t<h5 class=\"qodef-e-title\">\n\t\t\tHiyap Vin\u00e7 Kiralama\t\t<\/h5>\n\t\t\t<p class=\"qodef-e-text\">\n\t\t\u0130stedi\u011finiz A\u011f\u0131rl\u0131kta  Vin\u00e7 Kiralamak \u0130\u00e7in Hemen \u0130leti\u015fime Ge\u00e7in\t<\/p>\n\t\t\t<\/div>\n<\/div>\n<div class=\"qodef-e qodef-grid-item\">\n\t<div class=\"qodef-e-inner\">\n\t\t\t\t<div class=\"qodef-e-images-holder\">\n\t\t\t\t\t\t\t\t<\/div>\n\t\t\t\t\t<h5 class=\"qodef-e-title\">\n\t\t\tNakliye\t\t<\/h5>\n\t\t\t<p class=\"qodef-e-text\">\n\t\tHer t\u00fcrl\u00fc Nakliye \u0130\u015fleriniz \u0130\u00e7in L\u00fctfen \u0130leti\u015fime Ge\u00e7in\t<\/p>\n\t\t\t<\/div>\n<\/div>\n\t<\/div>\n<\/div>\n\t\t\t\t<\/div>\n\t\t\t\t<\/div>\n\t\t\t\t\t<\/div>\n\t\t<\/div>\n\t\t\t\t\t<\/div>\n\t\t<\/section>\n\t\t\t\t<\/div>\n\t\t","protected":false},"excerpt":{"rendered":"<p>H\u0130ZMETLER\u0130M\u0130Z Hemen \u0130leti\u015fime Ge\u00e7 Tel : 0531 301 1343 Mail: info@beratli.com.tr Sepetli Platform Kiralama \u0130stedi\u011finiz Y\u00fckseklikte Sepetli Platform Kralamak \u0130\u00e7in Hemen \u0130leti\u015fime Ge\u00e7in Hiyap Vin\u00e7 Kiralama \u0130stedi\u011finiz A\u011f\u0131rl\u0131kta Vin\u00e7 Kiralamak \u0130\u00e7in Hemen \u0130leti\u015fime Ge\u00e7in Nakliye Her t\u00fcrl\u00fc Nakliye \u0130\u015fleriniz \u0130\u00e7in L\u00fctfen \u0130leti\u015fime Ge\u00e7in<\/p>\n","protected":false},"author":1,"featured_media":0,"parent":0,"menu_order":0,"comment_status":"closed","ping_status":"closed","template":"elementor_header_footer","meta":{"om_disable_all_campaigns":false,"_monsterinsights_skip_tracking":false,"_monsterinsights_sitenote_active":false,"_monsterinsights_sitenote_note":"","_monsterinsights_sitenote_category":0,"footnotes":"","_joinchat":[]},"aioseo_notices":[],"_links":{"self":[{"href":"https:\/\/beratli.com\/index.php\/wp-json\/wp\/v2\/pages\/141"}],"collection":[{"href":"https:\/\/beratli.com\/index.php\/wp-json\/wp\/v2\/pages"}],"about":[{"href":"https:\/\/beratli.com\/index.php\/wp-json\/wp\/v2\/types\/page"}],"author":[{"embeddable":true,"href":"https:\/\/beratli.com\/index.php\/wp-json\/wp\/v2\/users\/1"}],"replies":[{"embeddable":true,"href":"https:\/\/beratli.com\/index.php\/wp-json\/wp\/v2\/comments?post=141"}],"version-history":[{"count":6,"href":"https:\/\/beratli.com\/index.php\/wp-json\/wp\/v2\/pages\/141\/revisions"}],"predecessor-version":[{"id":349,"href":"https:\/\/beratli.com\/index.php\/wp-json\/wp\/v2\/pages\/141\/revisions\/349"}],"wp:attachment":[{"href":"https:\/\/beratli.com\/index.php\/wp-json\/wp\/v2\/media?parent=141"}],"curies":[{"name":"wp","href":"https:\/\/api.w.org\/{rel}","templated":true}]}}